{"id":8,"date":"2014-10-27T14:45:06","date_gmt":"2014-10-27T13:45:06","guid":{"rendered":"http:\/\/ursulaberner.at\/webauftritt\/?page_id=8"},"modified":"2023-03-12T21:23:00","modified_gmt":"2023-03-12T20:23:00","slug":"ueber-mich","status":"publish","type":"page","link":"https:\/\/www.ursulaberner.at\/webauftritt\/ueber-mich\/","title":{"rendered":"\u00dcber mich"},"content":{"rendered":"<p><a href=\"https:\/\/ursulaberner.at\/webauftritt\/wp-content\/uploads\/2021\/05\/DSC4960-scaled.jpg\"><img loading=\"lazy\" decoding=\"async\" class=\"alignleft size-medium wp-image-1162\" src=\"https:\/\/ursulaberner.at\/webauftritt\/wp-content\/uploads\/2021\/05\/DSC4960-300x200.jpg\" alt=\"Ursula Berner Vienna, AT 2020\" width=\"300\" height=\"200\" srcset=\"https:\/\/ursulaberner.at\/webauftritt\/wp-content\/uploads\/2021\/05\/DSC4960-300x200.jpg 300w, https:\/\/ursulaberner.at\/webauftritt\/wp-content\/uploads\/2021\/05\/DSC4960-1024x683.jpg 1024w, https:\/\/ursulaberner.at\/webauftritt\/wp-content\/uploads\/2021\/05\/DSC4960-768x512.jpg 768w, https:\/\/ursulaberner.at\/webauftritt\/wp-content\/uploads\/2021\/05\/DSC4960-1536x1025.jpg 1536w, https:\/\/ursulaberner.at\/webauftritt\/wp-content\/uploads\/2021\/05\/DSC4960-2048x1366.jpg 2048w, https:\/\/ursulaberner.at\/webauftritt\/wp-content\/uploads\/2021\/05\/DSC4960-676x451.jpg 676w\" sizes=\"auto, (max-width: 300px) 100vw, 300px\" \/><\/a>ich war immer ein politischer mensch.<\/p>\n<p>geboren in den goldenenen 70ern hab ich von der sp-sozial-innovativen politik profitiert und wurde\u00a0eine echte wicki, slime und piper gepr\u00e4gte. und dann kam zwentendorf und der saure regen und waldheim und hainburg.<\/p>\n<p>mit dem \u00e4lter-werden kommen\u00a0einer auch die nachteile der 70er immer\u00a0mehr zu bewusstsein: paternalismus, frauenbenachteiligung, umweltzerst\u00f6rung im namen des modernismus, erinnerungsl\u00fccken in der eigenen &#8211; der \u00f6sterreichischen &#8211; geschichte und leider auch dar\u00fcber hinaus.<\/p>\n<p>das hat mich zunehmend \u00e4rgerlich gemacht. \u00e4rgern ist zu wenig,\u00a0man\/frau muss selbst was tun, wenn sie ver\u00e4nderung w\u00fcnscht. damit hab ich als &#8222;sch\u00fclerin gegen antisemitismus&#8220; im amerlinghaus und bei mahnwachen vor dem stephansdom begonnen.\u00a0und seither nicht mehr aufgeh\u00f6rt.\u00a0parteipolitisch bei den gr\u00fcnen engagiert bin ich seit 2004.<\/p>\n<p>ich bin \u00fcberzeugt, dass es m\u00f6glich ist die welt, die gesellschaft sozial gerechter und nachhaltiger im ressourcenverbrauch zu organisieren. dahin setze ich mein engagement. es geht darum auch die zu h\u00f6ren, die vom rand aus kommentieren: empowerment, identit\u00e4tsstiftung, auseinandersetzung mit der eigene geschichte und eine ann\u00e4herung an gerechtigkeit\u00a0 sind meine triebfedern. provokation ist da kein hindernis, sondern ein strategie, der andere folgen k\u00f6nnen\/m\u00fcssen.<\/p>\n<p>als neugieriger mensch bin ich weiterhin auf der suche nach anderen kreativen, spannenden menschen, die nicht nur visionen entwickeln wollen, sondern auch dinge auf den boden bringen.<\/p>\n<p><a title=\"Biographie in Zahlen\" href=\"https:\/\/ursulaberner.at\/webauftritt\/?page_id=237\" target=\"_blank\" rel=\"noopener\">Biographie in Zahlen<\/a><\/p>\n<p><a title=\"Audios\" href=\"https:\/\/ursulaberner.at\/webauftritt\/?page_id=258\" target=\"_blank\" rel=\"noopener\">Audios<\/a><\/p>\n<p><a href=\"https:\/\/www.ursulaberner.at\/webauftritt\/ueber-mich\/videos\/\">Videos<\/a><\/p>\n<p><a title=\" Links\" href=\"https:\/\/ursulaberner.at\/webauftritt\/?page_id=71\" target=\"_blank\" rel=\"noopener\">Links <\/a><\/p>\n","protected":false},"excerpt":{"rendered":"<p>ich war immer ein politischer mensch. geboren in den goldenenen 70ern hab ich von der sp-sozial-innovativen politik profitiert und wurde\u00a0eine echte wicki, slime und piper gepr\u00e4gte. und dann kam zwentendorf und der saure regen und waldheim und hainburg. mit dem \u00e4lter-werden kommen\u00a0einer auch die nachteile der 70er immer\u00a0mehr zu bewusstsein: paternalismus, frauenbenachteiligung, umweltzerst\u00f6rung im namen [&hellip;]<\/p>\n","protected":false},"author":1,"featured_media":0,"parent":0,"menu_order":0,"comment_status":"closed","ping_status":"closed","template":"","meta":{"footnotes":""},"class_list":["post-8","page","type-page","status-publish","hentry","post-preview"],"_links":{"self":[{"href":"https:\/\/www.ursulaberner.at\/webauftritt\/wp-json\/wp\/v2\/pages\/8","targetHints":{"allow":["GET"]}}],"collection":[{"href":"https:\/\/www.ursulaberner.at\/webauftritt\/wp-json\/wp\/v2\/pages"}],"about":[{"href":"https:\/\/www.ursulaberner.at\/webauftritt\/wp-json\/wp\/v2\/types\/page"}],"author":[{"embeddable":true,"href":"https:\/\/www.ursulaberner.at\/webauftritt\/wp-json\/wp\/v2\/users\/1"}],"replies":[{"embeddable":true,"href":"https:\/\/www.ursulaberner.at\/webauftritt\/wp-json\/wp\/v2\/comments?post=8"}],"version-history":[{"count":12,"href":"https:\/\/www.ursulaberner.at\/webauftritt\/wp-json\/wp\/v2\/pages\/8\/revisions"}],"predecessor-version":[{"id":1583,"href":"https:\/\/www.ursulaberner.at\/webauftritt\/wp-json\/wp\/v2\/pages\/8\/revisions\/1583"}],"wp:attachment":[{"href":"https:\/\/www.ursulaberner.at\/webauftritt\/wp-json\/wp\/v2\/media?parent=8"}],"curies":[{"name":"wp","href":"https:\/\/api.w.org\/{rel}","templated":true}]}}