{"id":73,"date":"2014-11-21T21:17:51","date_gmt":"2014-11-21T20:17:51","guid":{"rendered":"http:\/\/ursulaberner.at\/webauftritt\/?page_id=73"},"modified":"2015-01-20T23:45:27","modified_gmt":"2015-01-20T22:45:27","slug":"gruene-galerie-sieben","status":"publish","type":"page","link":"https:\/\/www.ursulaberner.at\/webauftritt\/kultur\/gruene-galerie-sieben\/","title":{"rendered":"Gr\u00fcne Galerie Sieben"},"content":{"rendered":"<p><a href=\"https:\/\/ursulaberner.at\/webauftritt\/wp-content\/uploads\/2014\/12\/galerie-slider-scharf.jpg\"><img loading=\"lazy\" decoding=\"async\" class=\"alignleft  wp-image-253\" src=\"https:\/\/ursulaberner.at\/webauftritt\/wp-content\/uploads\/2014\/12\/galerie-slider-scharf-300x119.jpg\" alt=\"galerie slider scharf\" width=\"423\" height=\"168\" srcset=\"https:\/\/ursulaberner.at\/webauftritt\/wp-content\/uploads\/2014\/12\/galerie-slider-scharf-300x119.jpg 300w, https:\/\/ursulaberner.at\/webauftritt\/wp-content\/uploads\/2014\/12\/galerie-slider-scharf.jpg 600w\" sizes=\"auto, (max-width: 423px) 100vw, 423px\" \/><\/a><\/p>\n<p>Gr\u00fcne Galerie versteht sich als Kommunikationsraum f\u00fcr politische Kunst und k\u00fcnstlerische Politik. Irritation des Publikums, Diskussion und neue Perspektiven auf scheinbar bekannte Dinge sind Programm. Ohne jedes kommerzielle Interesse \u00f6ffnen wir\u00a0 &#8211; Anna Babka und Ursula Berner &#8211; unseren Raum seit 2007 f\u00fcr Ideen.<\/p>\n<p><a href=\"http:\/\/archiv.neubau.gruene.at\/gruene_galerie_7\/von\/0\/themenwechsel\/4129\/kommentar\/0\/0\/0\/?no_cache=1&amp;tx_green_pi1%5Buid%5D=0&amp;tx_green_pi1%5Ballcomments%5D=false\" target=\"_blank\">Gr\u00fcne Galerie Archiv<\/a><\/p>\n<p><a href=\"https:\/\/www.facebook.com\/grune.galeriesieben?fref=ts\" target=\"_blank\">aktuelle Ausstellungen\u00a0 und Veranstaltungen auch im Facebook<\/a><\/p>\n<h3><a href=\"https:\/\/www.facebook.com\/grune.galeriesieben?fref=ts\" target=\"_blank\"><br \/>\n<\/a><\/h3>\n<h3>Auszug aus vergangene Veranstaltungen:<\/h3>\n<h2>\u00a0<strong>\u201eEin St\u00fcck Heimat III \/ do l\u00e5ss\u2019 ma kane zuawe\u2026\u201c<\/strong><\/h2>\n<p>In unserer Gesellschaft ist \u201eIntegration\u201c in der Ausl\u00e4nderpolitik ein sehr pr\u00e4sentes Thema. Die gef\u00f6rderte \u201eBrauchtumskultur\u201c in den Bundesl\u00e4ndern sperrt sich jedoch gegen die Anforderungen an in \u00d6sterreich lebende Ausl\u00e4nderInnen. Heimat? Typisches? Was ist erw\u00fcnscht, was wird versteckt, was gar verboten?<\/p>\n<div id=\"attachment_453\" style=\"width: 310px\" class=\"wp-caption alignleft\"><a href=\"https:\/\/ursulaberner.at\/webauftritt\/wp-content\/uploads\/2015\/01\/Flyer-heimat.jpg\"><img loading=\"lazy\" decoding=\"async\" aria-describedby=\"caption-attachment-453\" class=\"size-medium wp-image-453\" src=\"https:\/\/ursulaberner.at\/webauftritt\/wp-content\/uploads\/2015\/01\/Flyer-heimat-300x143.jpg\" alt=\"ina Loitzl . ein st\u00fcck Heimat III\" width=\"300\" height=\"143\" srcset=\"https:\/\/ursulaberner.at\/webauftritt\/wp-content\/uploads\/2015\/01\/Flyer-heimat-300x143.jpg 300w, https:\/\/ursulaberner.at\/webauftritt\/wp-content\/uploads\/2015\/01\/Flyer-heimat-624x296.jpg 624w, https:\/\/ursulaberner.at\/webauftritt\/wp-content\/uploads\/2015\/01\/Flyer-heimat.jpg 804w\" sizes=\"auto, (max-width: 300px) 100vw, 300px\" \/><\/a><p id=\"caption-attachment-453\" class=\"wp-caption-text\">ina Loitzl . ein st\u00fcck Heimat III<\/p><\/div>\n<p><strong>Ina Loitzl zu Gast in der ,Gr\u00fcnen Galerie <\/strong><strong>Vernissage:<\/strong> <strong>Dienstag, 16. Juni 2009 um 19 Uhr<\/strong> <strong>Hermanngasse 25\/Ecke Kandlgasse, 1070 <\/strong><\/p>\n<p>&nbsp;<\/p>\n<p>Die Arbeit \u00ab\u00a0Ein St\u00fcck Heimat\u00bb ist die pers\u00f6nliche Aufarbeitung oder gar Abrechnung mit Insignien f\u00fcr das so typische \u2013 \u201eL\u00e4ndliche, Volkst\u00fcmliche\u201c, im Fall der K\u00fcnstlerin ist es das typisch \u201eK\u00e4rntnerische\u201c.<\/p>\n<p>Es werden R\u00e4umlichkeiten des Einfamilienhauses, dem Statussymbol, der gl\u00fccklichen Familie am Land, nachempfunden und karikiert.<\/p>\n<p><em>Dort, wo das <strong>Jagdzimmer<\/strong> Teil des Einfamilienhauses<br \/>\n<\/em> <em>Beliebtes G\u00e4stezimmer f\u00fcr Geselligkeit<br \/>\n<\/em> <em>Dort, wo der Trieb Geweihe an der Wand bluten l\u00e4sst<br \/>\n<\/em> <em>Wo in der <strong>Zirbnstubn<\/strong> \u00c4ste mit Jahresringen rangeln<br \/>\n<\/em> <em>Wo in der <strong>Kuchl<\/strong> Sch\u00fcrzen der Weibersleut\u2019 Eitelkeit zieren<br \/>\n<\/em> <em>Wo im <strong>Herrgottswinkerl<\/strong> Sto\u00dfgebete ausgeweint<\/em><br \/>\n<em>Dort beginnt \u201emein teures Heimatland\u201c <\/em><\/p>\n<p>&nbsp;<\/p>\n<p>&nbsp;<\/p>\n<h2><strong>Magdalena Frey in Neubau<\/strong><\/h2>\n<h2>FRAUENALLTAG ZWISCHEN \u00dcBERH\u00d6HUNG UND MISSACHTUNG<\/h2>\n<p>Neubau hat es geschafft die international\u00a0bekannte K\u00fcnstlerin Magdalena Frey f\u00fcr eine Ausstellung im Rahmen der 16 Tage gegen Gewalt an Frauen zu gewinnen. Sie wird am 26.11.07 ab 19.00 Uhr ihre Bilder in einem Vortrag pr\u00e4sentieren, anschlie\u00dfend sind die Bilder bis Ende Dezember in der Hermanngasse 25\/2 (Ecklokal Kandlgasse) zusehen.<\/p>\n<h3><strong><a href=\"https:\/\/ursulaberner.at\/webauftritt\/wp-content\/uploads\/2014\/11\/Frey-seite.jpg\"><img loading=\"lazy\" decoding=\"async\" class=\"alignleft size-full wp-image-475\" src=\"https:\/\/ursulaberner.at\/webauftritt\/wp-content\/uploads\/2014\/11\/Frey-seite.jpg\" alt=\"Frey-seite\" width=\"169\" height=\"287\" \/><\/a>Bilder und Vortrag von <a href=\"http:\/\/www.ma-frey.com\" target=\"_blank\">Magdalena Frey.<\/a><\/strong><\/h3>\n<p>Nur wor\u00fcber wir sprechen k\u00f6nnen, das k\u00f6nnen wir auch erkennen, hei\u00dft es.<\/p>\n<p>Magdalena Frey erlaubt sich in ihren digital bearbeiteten Fotocollagen das Unaussprechliche, Tabuisierte vorzuf\u00fchren. Sie thematisiert die ganze Bandbreite weiblicher Schicksale.<\/p>\n<p>Magdalena Frey seziert das Korsett herk\u00f6mmlicher Sichtweisen zugunsten einer von ihr angenommenen weiblichen Wirklichkeit.<\/p>\n<p>Das s\u00fc\u00dfe kleine M\u00e4dchen, als Prinzessin verkleidet, wird da durch gezielte Kontrastierung gleichzeitig auch als sexualisierten Phantasie dargestellt, von dem, was aus ihr wird: n\u00e4mlich eine ihren K\u00f6rper verkaufende Bart\u00e4nzerin.<\/p>\n<p>Hierarchie, Gewalt gegen den K\u00f6rper und den Geist lassen sich hier ganz unaufdringlich ohne erhobenen Zeigefinger ablesen. Magdalena Frey l\u00e4dt uns in ihren Bildern ein ihren Assoziationen zu Zusammenh\u00e4ngen zwischen Macht, Abh\u00e4ngigkeitsverh\u00e4ltnissen, \u00dcberh\u00f6hung und Tr\u00e4umen nachzusp\u00fcren.<\/p>\n<p>Damit \u00f6ffnet sie den Blick f\u00fcr einen &#8222;weiblichen Alltag&#8220; au\u00dferhalb von Stereotypen.\u00a0Zur Vernissage wird die K\u00fcnstlerin ihre Bilder selbst vorstellen.<\/p>\n<p><strong>Die Ausstellung ist bis Ende Dezember ge\u00f6ffnet.<\/strong><\/p>\n<p>&nbsp;<\/p>\n<h2>HER SHADOW KNOWS \u2013<br \/>\nBilder von Cynthia Schwertsik in der Gr\u00fcnen Galerie 7<\/h2>\n<p><a href=\"https:\/\/ursulaberner.at\/webauftritt\/wp-content\/uploads\/2015\/01\/flyer-einladung1.jpg\"><img loading=\"lazy\" decoding=\"async\" class=\"alignleft size-medium wp-image-449\" src=\"https:\/\/ursulaberner.at\/webauftritt\/wp-content\/uploads\/2015\/01\/flyer-einladung1-300x137.jpg\" alt=\"flyer einladung1\" width=\"300\" height=\"137\" srcset=\"https:\/\/ursulaberner.at\/webauftritt\/wp-content\/uploads\/2015\/01\/flyer-einladung1-300x137.jpg 300w, https:\/\/ursulaberner.at\/webauftritt\/wp-content\/uploads\/2015\/01\/flyer-einladung1-624x284.jpg 624w, https:\/\/ursulaberner.at\/webauftritt\/wp-content\/uploads\/2015\/01\/flyer-einladung1.jpg 800w\" sizes=\"auto, (max-width: 300px) 100vw, 300px\" \/><\/a><\/p>\n<p>Cynthia Schwertsik arbeitet als Malerin und Performerin. In ihren Bildern thematisiert sie das Ansehen und Gesehen werden. Sie als K\u00fcnstlerin nimmt sich den Blick auf sich selbst. Sie leitet den Blick der BetrachterIn. Im Gegensatz zur photoshop-bearbeiteten Weiblichkeit, die unsere Wahrnehmung auf Normsch\u00f6nheit schult, irritiert sie mit verzerrt erscheinenden K\u00f6rperteilen in neuen Dimensionen oder zun\u00e4chst unnat\u00fcrlich wirkenden Positionen.<\/p>\n<p><strong>Vernissage\u00a03. M\u00e4rz 2011, 19 Uhr \u00a0&#8212; \u00a0<\/strong><strong>Gr\u00fcnen Galerie 7, Hermanngasse 25<\/strong><\/p>\n<p>Ausstellungsdauer 4.3. \u2013 7.4. 2011,\u00a0ge\u00f6ffnet in den B\u00fcrozeiten der Neubauer Gr\u00fcnen DI, DO von 10 -13 Uhr und nach telefonischer Vereinbarung unter 0699 1 924 96 87<\/p>\n<p>Zus\u00e4tzlich zu den Bildern im Raum l\u00e4dt Cynthia Schwertsik auch zur<\/p>\n<h3><strong>ZENTRIFUGE &#8211; Spazierg\u00e4nge durch die Stadt.<\/strong><\/h3>\n<p><a href=\"https:\/\/ursulaberner.at\/webauftritt\/wp-content\/uploads\/2015\/01\/flyer-einladung-2.jpg\"><img loading=\"lazy\" decoding=\"async\" class=\"alignleft size-medium wp-image-450\" src=\"https:\/\/ursulaberner.at\/webauftritt\/wp-content\/uploads\/2015\/01\/flyer-einladung-2-300x137.jpg\" alt=\"flyer einladung 2\" width=\"300\" height=\"137\" srcset=\"https:\/\/ursulaberner.at\/webauftritt\/wp-content\/uploads\/2015\/01\/flyer-einladung-2-300x137.jpg 300w, https:\/\/ursulaberner.at\/webauftritt\/wp-content\/uploads\/2015\/01\/flyer-einladung-2-624x284.jpg 624w, https:\/\/ursulaberner.at\/webauftritt\/wp-content\/uploads\/2015\/01\/flyer-einladung-2.jpg 800w\" sizes=\"auto, (max-width: 300px) 100vw, 300px\" \/><\/a><\/p>\n<p>Der Schatten meiner selbst oder \u201cDon\u2018t judge any man until you have walked two moons in his moccasins\u201d\u00a0so I thought I better start walking in my own moccasins&#8230;<\/p>\n<p>In einem Objekt, das den Raum um die Performerin fest umrei\u00dft, in einen Rahmen stellt, beginnt die Reise. Das Durchmessen der Stadt, eine Erkundung im \u00f6ffentlichen Raum. Ein Frau nimmt sich Raum, laut, und demonstriert auch seine Enge.<\/p>\n<p><strong>am 25. M\u00e4rz 2011, Nachmittag um 17.00 Uhr<br \/>\n<\/strong><strong>am 3. April 2011, Matinee um 11.00 Uhr<br \/>\n<\/strong><strong>Start: 1070, Hermanngasse 25<\/strong><\/p>\n<p>&nbsp;<\/p>\n<h2><\/h2>\n<h2><strong>LESUNG IN GEDENKEN AN DIE NOVEMBERPOGROME 1938<\/strong><\/h2>\n<p>Im Rahmen der Finissage \u201eKomische Politik. Politische Comics\u201c l\u00e4dt die Gr\u00fcne Galerie 7 zu einer Lesung im Gedenken an die November-Pogrome 1938.<\/p>\n<p><strong>Dienstag, 9.11.2010,\u00a019:00, Gr\u00fcne Galerie 7, Hermanngasse 24\u00a0<\/strong><\/p>\n<p>In Erinnerung an die \u201eNovemberpogrome 1938\u201c \u00a0werden wir zur Finissage moderne und historische <strong>Texte von Veza Canetti, Gerda Lerner, Peter Clar, Toni Mantler, Gerald Grassl<\/strong> und\u00a0<strong>Eva Sch\u00f6rkhuber <\/strong>vortragen.<\/p>\n<p>Es lesen:\u00a0Madeleine Reiser,\u00a0Peter Clar,\u00a0Toni Mantler,\u00a0Ursula Berner<\/p>\n<p>Im Anschluss an die Lesung: Wein und Brot.\u00a0Wir w\u00fcrden uns sehr freuen, wenn Ihr\/Sie diesen Abend gemeinsam mit uns verbringen wolltet.<\/p>\n<p>Herzlich,<\/p>\n<p>Anna Babka &amp; Ursula Berner, Kuratorinnen der Gr\u00fcnen Galerie 7<\/p>\n<p><strong>Novemberpogrome 1938:<\/strong><\/p>\n<p>Das Attentat eines jungen polnischen Juden in Paris an einem deutschen NSDAP nahen Diplomaten nahm die NS F\u00fchrung zum Anlass, \u00dcbergriffe auf Juden, ihre Gesch\u00e4fte und Wohnung und in der Folge auch auf j\u00fcdische Gemeindeh\u00e4user und Synagogen zu rechtfertigen. Ab 7. November begannen zun\u00e4chst nur in Magdeburg und schlie\u00dflich in ganz Deutschland und \u00d6sterreich zivil gekleidete SS und SA \u00a0Angeh\u00f6rige j\u00fcdische H\u00e4user und Gesch\u00e4fte zu besetzten\u00a0Wohnungen zu \u201earisieren\u201c und Synagogen anzuz\u00fcnden.<\/p>\n<p>In der Nacht von 9. auf \u00a010. November fanden diese \u00dcbergriffe und Zerst\u00f6rungen ihren H\u00f6hepunkt. Die Polizei wie auch die Feuerwehr hatte den Auftrag nur \u201earische\u201c Wohnungen zu sch\u00fctzen. Von den ann\u00e4hernd 30.000 verhafteten und deportierten Juden wurden nachweislich 10.911 \u2013 einschlie\u00dflich von etwa 4.600 Wienern \u2013 ins KZ Dachau, 9.845 ins KZ Buchenwald eingeliefert. F\u00fcr das KZ Sachsenhausen sch\u00e4tzt man\u00a0mindestens 6.000, eher aber 10.000 Inhaftierte.\u00a0Von den davor 94 Synagogen in Wien \u00fcberstand nur eine, der Stadttempel in der Inneren Stadt, die Nacht, verw\u00fcstet, aber nicht verbrannt.<\/p>\n<p>&nbsp;<\/p>\n","protected":false},"excerpt":{"rendered":"<p>Gr\u00fcne Galerie versteht sich als Kommunikationsraum f\u00fcr politische Kunst und k\u00fcnstlerische Politik. Irritation des Publikums, Diskussion und neue Perspektiven auf scheinbar bekannte Dinge sind Programm. Ohne jedes kommerzielle Interesse \u00f6ffnen wir\u00a0 &#8211; Anna Babka und Ursula Berner &#8211; unseren Raum seit 2007 f\u00fcr Ideen. Gr\u00fcne Galerie Archiv aktuelle Ausstellungen\u00a0 und Veranstaltungen auch im Facebook Auszug [&hellip;]<\/p>\n","protected":false},"author":1,"featured_media":0,"parent":143,"menu_order":0,"comment_status":"closed","ping_status":"closed","template":"","meta":{"footnotes":""},"class_list":["post-73","page","type-page","status-publish","hentry","post-preview"],"_links":{"self":[{"href":"https:\/\/www.ursulaberner.at\/webauftritt\/wp-json\/wp\/v2\/pages\/73","targetHints":{"allow":["GET"]}}],"collection":[{"href":"https:\/\/www.ursulaberner.at\/webauftritt\/wp-json\/wp\/v2\/pages"}],"about":[{"href":"https:\/\/www.ursulaberner.at\/webauftritt\/wp-json\/wp\/v2\/types\/page"}],"author":[{"embeddable":true,"href":"https:\/\/www.ursulaberner.at\/webauftritt\/wp-json\/wp\/v2\/users\/1"}],"replies":[{"embeddable":true,"href":"https:\/\/www.ursulaberner.at\/webauftritt\/wp-json\/wp\/v2\/comments?post=73"}],"version-history":[{"count":18,"href":"https:\/\/www.ursulaberner.at\/webauftritt\/wp-json\/wp\/v2\/pages\/73\/revisions"}],"predecessor-version":[{"id":476,"href":"https:\/\/www.ursulaberner.at\/webauftritt\/wp-json\/wp\/v2\/pages\/73\/revisions\/476"}],"up":[{"embeddable":true,"href":"https:\/\/www.ursulaberner.at\/webauftritt\/wp-json\/wp\/v2\/pages\/143"}],"wp:attachment":[{"href":"https:\/\/www.ursulaberner.at\/webauftritt\/wp-json\/wp\/v2\/media?parent=73"}],"curies":[{"name":"wp","href":"https:\/\/api.w.org\/{rel}","templated":true}]}}