{"id":258,"date":"2015-01-02T00:15:42","date_gmt":"2015-01-01T23:15:42","guid":{"rendered":"http:\/\/ursulaberner.at\/webauftritt\/?page_id=258"},"modified":"2017-06-01T16:01:05","modified_gmt":"2017-06-01T14:01:05","slug":"audios","status":"publish","type":"page","link":"https:\/\/www.ursulaberner.at\/webauftritt\/ueber-mich\/audios\/","title":{"rendered":"Audios"},"content":{"rendered":"<p>Hier findest du\u00a0eine Auswahl von\u00a0Sendungen, die ich gestaltet habe &#8230;<\/p>\n<p><strong>Dimensionen Welt der Wissenschaften\u00a0 &#8211; \u00d61<\/strong><\/p>\n<p style=\"padding-left: 30px;\">Portr\u00e4t der Sammlung <a href=\"http:\/\/www.univie.ac.at\/Geschichte\/sfn\/index.php\">Frauennachl\u00e4sse der Universit\u00e4t Wien<\/a><\/p>\n<audio class=\"wp-audio-shortcode\" id=\"audio-258-1\" preload=\"none\" style=\"width: 100%;\" controls=\"controls\"><source type=\"audio\/mpeg\" src=\"https:\/\/ursulaberner.at\/webauftritt\/wp-content\/uploads\/2017\/06\/DIM_020221_Frauennachl\u00f1sse.mp3?_=1\" \/><a href=\"https:\/\/ursulaberner.at\/webauftritt\/wp-content\/uploads\/2017\/06\/DIM_020221_Frauennachl\u00f1sse.mp3\">https:\/\/ursulaberner.at\/webauftritt\/wp-content\/uploads\/2017\/06\/DIM_020221_Frauennachl\u00f1sse.mp3<\/a><\/audio>\n<p>&nbsp;<\/p>\n<p style=\"padding-left: 30px;\">&#8222;<a href=\"http:\/\/www.hatjecantz.de\/kapital-und-karma-1193-1.html\">Karma und Kapital\u00a0&#8211;\u00a0indische Dialoge mit Europa<\/a>&#8220; &#8211; Ausstellung in der Kunsthalle Wien (kuratiert von Angelika Fitz)<\/p>\n<p>(Start bei\u00a0 min 9.37)<\/p>\n<audio class=\"wp-audio-shortcode\" id=\"audio-258-2\" preload=\"none\" style=\"width: 100%;\" controls=\"controls\"><source type=\"audio\/mpeg\" src=\"https:\/\/ursulaberner.at\/webauftritt\/wp-content\/uploads\/2017\/06\/DIM_020507_Kapital-und-Karma.mp3?_=2\" \/><a href=\"https:\/\/ursulaberner.at\/webauftritt\/wp-content\/uploads\/2017\/06\/DIM_020507_Kapital-und-Karma.mp3\">https:\/\/ursulaberner.at\/webauftritt\/wp-content\/uploads\/2017\/06\/DIM_020507_Kapital-und-Karma.mp3<\/a><\/audio>\n<p>&nbsp;<\/p>\n<p><strong>Chronisten, Reporter, Aufkl\u00e4rer<br \/>\n&#8211; Serie in Kooperation mit dem Publizistik Institut der Universit\u00e4t Wien und \u00d61 (Auswahl)<\/strong><\/p>\n<p style=\"padding-left: 30px;\">Armin Thurnherr\u00a0 (1949 -)<\/p>\n<audio class=\"wp-audio-shortcode\" id=\"audio-258-3\" preload=\"none\" style=\"width: 100%;\" controls=\"controls\"><source type=\"audio\/mpeg\" src=\"https:\/\/ursulaberner.at\/webauftritt\/wp-content\/uploads\/2017\/06\/CHR_020811_Armin-Thurnher.mp3?_=3\" \/><a href=\"https:\/\/ursulaberner.at\/webauftritt\/wp-content\/uploads\/2017\/06\/CHR_020811_Armin-Thurnher.mp3\">https:\/\/ursulaberner.at\/webauftritt\/wp-content\/uploads\/2017\/06\/CHR_020811_Armin-Thurnher.mp3<\/a><\/audio>\n<p style=\"padding-left: 30px;\">Dolores Bauer (1934 -2010)<\/p>\n<audio class=\"wp-audio-shortcode\" id=\"audio-258-4\" preload=\"none\" style=\"width: 100%;\" controls=\"controls\"><source type=\"audio\/mpeg\" src=\"https:\/\/ursulaberner.at\/webauftritt\/wp-content\/uploads\/2017\/06\/CHR-020309-Dolores-Bauer.mp3?_=4\" \/><a href=\"https:\/\/ursulaberner.at\/webauftritt\/wp-content\/uploads\/2017\/06\/CHR-020309-Dolores-Bauer.mp3\">https:\/\/ursulaberner.at\/webauftritt\/wp-content\/uploads\/2017\/06\/CHR-020309-Dolores-Bauer.mp3<\/a><\/audio>\n<p style=\"padding-left: 30px;\">Klara Mautner (1879 &#8211; 1959)<\/p>\n<audio class=\"wp-audio-shortcode\" id=\"audio-258-5\" preload=\"none\" style=\"width: 100%;\" controls=\"controls\"><source type=\"audio\/mpeg\" src=\"https:\/\/ursulaberner.at\/webauftritt\/wp-content\/uploads\/2017\/06\/CHR-020630-Klara-Mautner.mp3?_=5\" \/><a href=\"https:\/\/ursulaberner.at\/webauftritt\/wp-content\/uploads\/2017\/06\/CHR-020630-Klara-Mautner.mp3\">https:\/\/ursulaberner.at\/webauftritt\/wp-content\/uploads\/2017\/06\/CHR-020630-Klara-Mautner.mp3<\/a><\/audio>\n<p style=\"padding-left: 30px;\">Marianne Pollak (1881 -1963)<\/p>\n<audio class=\"wp-audio-shortcode\" id=\"audio-258-6\" preload=\"none\" style=\"width: 100%;\" controls=\"controls\"><source type=\"audio\/mpeg\" src=\"https:\/\/ursulaberner.at\/webauftritt\/wp-content\/uploads\/2017\/06\/CHR-020323-_Marianne-Pollak.mp3?_=6\" \/><a href=\"https:\/\/ursulaberner.at\/webauftritt\/wp-content\/uploads\/2017\/06\/CHR-020323-_Marianne-Pollak.mp3\">https:\/\/ursulaberner.at\/webauftritt\/wp-content\/uploads\/2017\/06\/CHR-020323-_Marianne-Pollak.mp3<\/a><\/audio>\n<p style=\"padding-left: 30px;\">Karl L\u00f6bl (1930 -2014)<\/p>\n<audio class=\"wp-audio-shortcode\" id=\"audio-258-7\" preload=\"none\" style=\"width: 100%;\" controls=\"controls\"><source type=\"audio\/mpeg\" src=\"https:\/\/ursulaberner.at\/webauftritt\/wp-content\/uploads\/2017\/06\/CHR-020512-Karl-L\u00c2bl.mp3?_=7\" \/><a href=\"https:\/\/ursulaberner.at\/webauftritt\/wp-content\/uploads\/2017\/06\/CHR-020512-Karl-L\u00c2bl.mp3\">https:\/\/ursulaberner.at\/webauftritt\/wp-content\/uploads\/2017\/06\/CHR-020512-Karl-L\u00c2bl.mp3<\/a><\/audio>\n","protected":false},"excerpt":{"rendered":"<p>Hier findest du\u00a0eine Auswahl von\u00a0Sendungen, die ich gestaltet habe &#8230; Dimensionen Welt der Wissenschaften\u00a0 &#8211; \u00d61 Portr\u00e4t der Sammlung Frauennachl\u00e4sse der Universit\u00e4t Wien &nbsp; &#8222;Karma und Kapital\u00a0&#8211;\u00a0indische Dialoge mit Europa&#8220; &#8211; Ausstellung in der Kunsthalle Wien (kuratiert von Angelika Fitz) (Start bei\u00a0 min 9.37) &nbsp; Chronisten, Reporter, Aufkl\u00e4rer &#8211; Serie in Kooperation mit dem Publizistik [&hellip;]<\/p>\n","protected":false},"author":1,"featured_media":0,"parent":8,"menu_order":0,"comment_status":"closed","ping_status":"closed","template":"","meta":{"footnotes":""},"class_list":["post-258","page","type-page","status-publish","hentry","post-preview"],"_links":{"self":[{"href":"https:\/\/www.ursulaberner.at\/webauftritt\/wp-json\/wp\/v2\/pages\/258","targetHints":{"allow":["GET"]}}],"collection":[{"href":"https:\/\/www.ursulaberner.at\/webauftritt\/wp-json\/wp\/v2\/pages"}],"about":[{"href":"https:\/\/www.ursulaberner.at\/webauftritt\/wp-json\/wp\/v2\/types\/page"}],"author":[{"embeddable":true,"href":"https:\/\/www.ursulaberner.at\/webauftritt\/wp-json\/wp\/v2\/users\/1"}],"replies":[{"embeddable":true,"href":"https:\/\/www.ursulaberner.at\/webauftritt\/wp-json\/wp\/v2\/comments?post=258"}],"version-history":[{"count":8,"href":"https:\/\/www.ursulaberner.at\/webauftritt\/wp-json\/wp\/v2\/pages\/258\/revisions"}],"predecessor-version":[{"id":657,"href":"https:\/\/www.ursulaberner.at\/webauftritt\/wp-json\/wp\/v2\/pages\/258\/revisions\/657"}],"up":[{"embeddable":true,"href":"https:\/\/www.ursulaberner.at\/webauftritt\/wp-json\/wp\/v2\/pages\/8"}],"wp:attachment":[{"href":"https:\/\/www.ursulaberner.at\/webauftritt\/wp-json\/wp\/v2\/media?parent=258"}],"curies":[{"name":"wp","href":"https:\/\/api.w.org\/{rel}","templated":true}]}}