{"id":237,"date":"2014-12-16T13:51:09","date_gmt":"2014-12-16T12:51:09","guid":{"rendered":"http:\/\/ursulaberner.at\/webauftritt\/?page_id=237"},"modified":"2022-11-08T15:01:41","modified_gmt":"2022-11-08T14:01:41","slug":"biographie-in-zahlen-2","status":"publish","type":"page","link":"https:\/\/www.ursulaberner.at\/webauftritt\/biographie-in-zahlen-2\/","title":{"rendered":"Biographie in Zahlen"},"content":{"rendered":"<h3>engagiert<\/h3>\n<h5>&#8230; in der Stadt Wien &#8230;<\/h5>\n<p>2019 &#8211; heute <a href=\"https:\/\/wien.gruene.at\/ursula-berner\">Landtagsabgeordnete und Gemeinder\u00e4tin in Wien <\/a><\/p>\n<p style=\"padding-left: 40px;\">Sprecherin f\u00fcr Soziales, Familie , Jugend und Kinder (2019 &#8211; 2020)<br \/>\nSprecherin f\u00fcr Kultur und Kunst, Familie und Kinderschutz (seit 2020)<\/p>\n<h5>&#8230; im bezirk neubau &#8230;<\/h5>\n<p>seit 2004 f\u00fcr Kultur, Frauen und sozialen Angelegenheiten in Neubau<br \/>\nGenderbeauftrage in Neubau<\/p>\n<p>2005 &#8211; 2019\u00a0 <a href=\"https:\/\/www.wien.gv.at\/bezirke\/neubau\/gesundheit-soziales\/\">Sozial-\u00a0, Generationen und Sportkommission<\/a><br \/>\n2005 &#8211; 2019 \u00a0<a href=\"http:\/\/www.wien.gv.at\/bezirke\/neubau\/geschichte-kultur\/\">Kulturkommission Neubau<\/a>\u00a0 (Kommissionsvorsitz 2014 &#8211; 2019)<br \/>\n2013 &#8211; 2019\u00a0 <a href=\"http:\/\/www.bezirksmuseum.at\/default\/index.php?id=353&amp;L=0%3Fid%3D192%3Fid%3D49%3Fid%3D31%3Fid%253\">Bezirksmuseum Neubau<\/a> (Leitung)<\/p>\n<p>2007 \u2013 heute\u00a0 <a href=\"https:\/\/ursulaberner.at\/webauftritt\/?page_id=73\">Gr\u00fcne Galerie 7 <\/a>\u2013 Kunst-Textraum f\u00fcr feministische und andere Auseinandersetzungen<\/p>\n<h3>erfahren<\/h3>\n<p>1993 &#8211; 2004<strong><br \/>\n<\/strong> Producerin, Moderatorin, (Online-, Radio- und Print) Redakteurin\u00a0<a href=\"http:\/\/oe1.orf.at\/\" target=\"_blank\" rel=\"noopener noreferrer\">ORF<\/a> (Oe1, Radio Wien), Kurier, <a href=\"http:\/\/www.dw.de\/search\/german\/radio\/category\/9077\/\" target=\"_blank\" rel=\"noopener noreferrer\">Radio Deutsche Welle <\/a>(bis 2008)<br \/>\n1997 &#8211; 2000<br \/>\nLektorin <a href=\"http:\/\/www.hanser-literaturverlage.de\/verlage\/zsolnay-deuticke\" target=\"_blank\" rel=\"noopener noreferrer\"><br \/>\nDeuticke Verlag<\/a>, NP Verlag<br \/>\n2005 &#8211; 2007<br \/>\nB\u00fcroleitung Wien<br \/>\n<a href=\"http:\/\/www.gruenewirtschaft.at\/wien\" target=\"_blank\" rel=\"noopener noreferrer\">Gr\u00fcne Wirtschaft Wien<br \/>\n<\/a>2008 &#8211; 2018<br \/>\nReferentin f\u00fcr Wissensmanagement<br \/>\nim Gr\u00fcnen Klub im Parlament<br \/>\n2018 &#8211; 2019<br \/>\nReferentin in der MA 7 &#8211; Abteilung Stadtteilkultur und Interkulturalit\u00e4t<\/p>\n<h3>gelernt<\/h3>\n<p>1989 &#8211; 1992 Universit\u00e4t Wien <a href=\"http:\/\/kunstgeschichte.univie.ac.at\" target=\"_blank\" rel=\"noopener noreferrer\">Kunstgeschichte<\/a>\/Germanistik<br \/>\n1992 &#8211; 2000\u00a0 Universit\u00e4t Wien<br \/>\n<a href=\"http:\/\/www.univie.ac.at\/Geschichte\" target=\"_blank\" rel=\"noopener noreferrer\">Geschichte<\/a>\/Theaterwissenschaft\/Germanistik<br \/>\nSchwerpunkte: Sozialgeschichte und Medien<br \/>\n2002 IKS Berlin (<a href=\"http:\/\/www.schreibinstitut-berlin.de\/index.html\" target=\"_blank\" rel=\"noopener noreferrer\">Institut f\u00fcr kreatives Schreiben<\/a>): Trainerin f\u00fcr wissenschaftliches und berufliches Schreiben<br \/>\n2007 &#8211; 2008 <a href=\"http:\/\/diestandard.at\/1355459704394\/kubes-hofmann-rosa-mayreder-college\" target=\"_blank\" rel=\"noopener noreferrer\">Rosa Mayreder College Wien<\/a>, Master of Arts f\u00fcr internationale Genderforschung und feministische Politik<\/p>\n<h5><strong>\u2026 und dar\u00fcber hinaus<\/strong><\/h5>\n<ul>\n<li>Jurorin der <a href=\"http:\/\/www.jmw.at\/de\/collections\/anni-und-heinrich-sussmann-stiftung\" target=\"_blank\" rel=\"noopener noreferrer\">Anni und Heinrich Sussmann-Stiftung<br \/>\n<\/a><\/li>\n<li>Workshops zur Radioarbeit ua. f\u00fcr Polycollege, Radio Orange etc.<\/li>\n<li>Pr\u00e4sidium der<a href=\"https:\/\/wien.gruene.at\/landeskonferenz\"> Landeskonferenz der Wr. Gr\u00fcnen<\/a>\u00a0 \u00a0(2010 &#8211; 2019)<\/li>\n<li>stellv. Obfrau und\u00a0 Vorstandsmitglied in\u00a0 <a href=\"https:\/\/www.gbw.at\/wien\/home\/\">Gr\u00fcne Bildungswerkstatt Wien<\/a><\/li>\n<li>\u00f6sterr. Delegierte\u00a0 zu den\u00a0 <a href=\"https:\/\/www.eurogreens.at\/\">Europ\u00e4schen\u00a0 Gr\u00fcnen<\/a><\/li>\n<\/ul>\n<h5><\/h5>\n","protected":false},"excerpt":{"rendered":"<p>engagiert &#8230; in der Stadt Wien &#8230; 2019 &#8211; heute Landtagsabgeordnete und Gemeinder\u00e4tin in Wien Sprecherin f\u00fcr Soziales, Familie , Jugend und Kinder (2019 &#8211; 2020) Sprecherin f\u00fcr Kultur und Kunst, Familie und Kinderschutz (seit 2020) &#8230; im bezirk neubau &#8230; seit 2004 f\u00fcr Kultur, Frauen und sozialen Angelegenheiten in Neubau Genderbeauftrage in Neubau 2005 [&hellip;]<\/p>\n","protected":false},"author":1,"featured_media":0,"parent":0,"menu_order":0,"comment_status":"closed","ping_status":"closed","template":"","meta":{"footnotes":""},"class_list":["post-237","page","type-page","status-publish","hentry","post-preview"],"_links":{"self":[{"href":"https:\/\/www.ursulaberner.at\/webauftritt\/wp-json\/wp\/v2\/pages\/237","targetHints":{"allow":["GET"]}}],"collection":[{"href":"https:\/\/www.ursulaberner.at\/webauftritt\/wp-json\/wp\/v2\/pages"}],"about":[{"href":"https:\/\/www.ursulaberner.at\/webauftritt\/wp-json\/wp\/v2\/types\/page"}],"author":[{"embeddable":true,"href":"https:\/\/www.ursulaberner.at\/webauftritt\/wp-json\/wp\/v2\/users\/1"}],"replies":[{"embeddable":true,"href":"https:\/\/www.ursulaberner.at\/webauftritt\/wp-json\/wp\/v2\/comments?post=237"}],"version-history":[{"count":27,"href":"https:\/\/www.ursulaberner.at\/webauftritt\/wp-json\/wp\/v2\/pages\/237\/revisions"}],"predecessor-version":[{"id":1427,"href":"https:\/\/www.ursulaberner.at\/webauftritt\/wp-json\/wp\/v2\/pages\/237\/revisions\/1427"}],"wp:attachment":[{"href":"https:\/\/www.ursulaberner.at\/webauftritt\/wp-json\/wp\/v2\/media?parent=237"}],"curies":[{"name":"wp","href":"https:\/\/api.w.org\/{rel}","templated":true}]}}